{"id":12,"date":"2025-05-21T17:01:04","date_gmt":"2025-05-21T17:01:04","guid":{"rendered":"https:\/\/aarca.com.co\/?page_id=12"},"modified":"2025-05-30T03:33:02","modified_gmt":"2025-05-30T03:33:02","slug":"servicios","status":"publish","type":"page","link":"https:\/\/aarca.com.co\/index.php\/servicios\/","title":{"rendered":"Servicios"},"content":{"rendered":"\t\t<div data-elementor-type=\"wp-page\" data-elementor-id=\"12\" class=\"elementor elementor-12\" data-elementor-settings=\"{&quot;ha_cmc_init_switcher&quot;:&quot;no&quot;}\" data-elementor-post-type=\"page\">\n\t\t\t\t<div class=\"elementor-element elementor-element-2f983904 e-flex e-con-boxed elementor-invisible e-con e-parent\" data-id=\"2f983904\" data-element_type=\"container\" data-settings=\"{&quot;background_background&quot;:&quot;classic&quot;,&quot;animation&quot;:&quot;zoomIn&quot;,&quot;_ha_eqh_enable&quot;:false}\">\n\t\t\t\t\t<div class=\"e-con-inner\">\n\t\t<div class=\"elementor-element elementor-element-421e5345 e-con-full e-flex e-con e-child\" data-id=\"421e5345\" data-element_type=\"container\" data-settings=\"{&quot;_ha_eqh_enable&quot;:false}\">\n\t\t\t\t<div class=\"elementor-element elementor-element-7f47bf21 elementor-widget elementor-widget-heading\" data-id=\"7f47bf21\" data-element_type=\"widget\" data-widget_type=\"heading.default\">\n\t\t\t\t<div class=\"elementor-widget-container\">\n\t\t\t\t\t<h2 class=\"elementor-heading-title elementor-size-default\">Servicios <\/h2>\t\t\t\t<\/div>\n\t\t\t\t<\/div>\n\t\t\t\t<\/div>\n\t\t\t\t\t<\/div>\n\t\t\t\t<\/div>\n\t\t<div class=\"elementor-element elementor-element-14331903 e-flex e-con-boxed e-con e-parent\" data-id=\"14331903\" data-element_type=\"container\" data-settings=\"{&quot;background_background&quot;:&quot;classic&quot;,&quot;_ha_eqh_enable&quot;:false}\">\n\t\t\t\t\t<div class=\"e-con-inner\">\n\t\t<div class=\"elementor-element elementor-element-1d580ed4 e-con-full e-flex elementor-invisible e-con e-child\" data-id=\"1d580ed4\" data-element_type=\"container\" data-settings=\"{&quot;animation&quot;:&quot;fadeInLeft&quot;,&quot;_ha_eqh_enable&quot;:false}\">\n\t\t\t\t<div class=\"elementor-element elementor-element-7de457c2 elementor-widget elementor-widget-heading\" data-id=\"7de457c2\" data-element_type=\"widget\" data-widget_type=\"heading.default\">\n\t\t\t\t<div class=\"elementor-widget-container\">\n\t\t\t\t\t<h2 class=\"elementor-heading-title elementor-size-default\">Nuestros Servicios  <\/h2>\t\t\t\t<\/div>\n\t\t\t\t<\/div>\n\t\t\t\t<div class=\"elementor-element elementor-element-58f072b1 elementor-widget-divider--view-line elementor-widget elementor-widget-divider\" data-id=\"58f072b1\" data-element_type=\"widget\" data-widget_type=\"divider.default\">\n\t\t\t\t<div class=\"elementor-widget-container\">\n\t\t\t\t\t\t\t<div class=\"elementor-divider\">\n\t\t\t<span class=\"elementor-divider-separator\">\n\t\t\t\t\t\t<\/span>\n\t\t<\/div>\n\t\t\t\t\t\t<\/div>\n\t\t\t\t<\/div>\n\t\t\t\t<div class=\"elementor-element elementor-element-75afb99d elementor-widget elementor-widget-heading\" data-id=\"75afb99d\" data-element_type=\"widget\" data-widget_type=\"heading.default\">\n\t\t\t\t<div class=\"elementor-widget-container\">\n\t\t\t\t\t<h2 class=\"elementor-heading-title elementor-size-default\">En AARCA no solo gestionamos residuos: creamos oportunidades. Nuestros servicios est\u00e1n dise\u00f1ados para impulsar la sostenibilidad ambiental mientras dignificamos el trabajo de los recicladores. Con\u00f3celos y descubre c\u00f3mo tu participaci\u00f3n contribuye a un ciclo virtuoso de impacto social y cuidado del planeta.<\/h2>\t\t\t\t<\/div>\n\t\t\t\t<\/div>\n\t\t<div class=\"elementor-element elementor-element-562078e e-con-full e-flex e-con e-child\" data-id=\"562078e\" data-element_type=\"container\" data-settings=\"{&quot;_ha_eqh_enable&quot;:false}\">\n\t\t\t\t<div class=\"elementor-element elementor-element-a88896e elementor-widget elementor-widget-heading\" data-id=\"a88896e\" data-element_type=\"widget\" data-widget_type=\"heading.default\">\n\t\t\t\t<div class=\"elementor-widget-container\">\n\t\t\t\t\t<h5 class=\"elementor-heading-title elementor-size-default\">Campa\u00f1as<\/h5>\t\t\t\t<\/div>\n\t\t\t\t<\/div>\n\t\t\t\t<div class=\"elementor-element elementor-element-0fb057e elementor-arrows-position-inside elementor-pagination-position-outside elementor-widget elementor-widget-image-carousel\" data-id=\"0fb057e\" data-element_type=\"widget\" data-settings=\"{&quot;slides_to_show&quot;:&quot;2&quot;,&quot;navigation&quot;:&quot;both&quot;,&quot;autoplay&quot;:&quot;yes&quot;,&quot;pause_on_hover&quot;:&quot;yes&quot;,&quot;pause_on_interaction&quot;:&quot;yes&quot;,&quot;autoplay_speed&quot;:5000,&quot;infinite&quot;:&quot;yes&quot;,&quot;speed&quot;:500}\" data-widget_type=\"image-carousel.default\">\n\t\t\t\t<div class=\"elementor-widget-container\">\n\t\t\t\t\t\t\t<div class=\"elementor-image-carousel-wrapper swiper\" role=\"region\" aria-roledescription=\"carousel\" aria-label=\"Vigilado por\" dir=\"ltr\">\n\t\t\t<div class=\"elementor-image-carousel swiper-wrapper\" aria-live=\"off\">\n\t\t\t\t\t\t\t\t<div class=\"swiper-slide\" role=\"group\" aria-roledescription=\"slide\" aria-label=\"1 de 1\"><figure class=\"swiper-slide-inner\"><img decoding=\"async\" class=\"swiper-slide-image\" src=\"https:\/\/aarca.com.co\/wp-content\/uploads\/2025\/05\/CAMPANA-BARRANQUILLA-LIMPIA-Y-LINDA-2025.jpeg-768x641.jpg\" alt=\"CAMPA\u00d1A BARRANQUILLA LIMPIA Y LINDA 2025.jpeg\" \/><\/figure><\/div>\t\t\t<\/div>\n\t\t\t\t\t<\/div>\n\t\t\t\t\t\t<\/div>\n\t\t\t\t<\/div>\n\t\t\t\t<\/div>\n\t\t\t\t<\/div>\n\t\t<div class=\"elementor-element elementor-element-172db475 e-con-full e-flex elementor-invisible e-con e-child\" data-id=\"172db475\" data-element_type=\"container\" data-settings=\"{&quot;animation&quot;:&quot;fadeInRight&quot;,&quot;_ha_eqh_enable&quot;:false}\">\n\t\t\t\t<div class=\"elementor-element elementor-element-728c7935 elementor-align-right elementor-mobile-align-center elementor-widget elementor-widget-button\" data-id=\"728c7935\" data-element_type=\"widget\" data-widget_type=\"button.default\">\n\t\t\t\t<div class=\"elementor-widget-container\">\n\t\t\t\t\t\t\t\t\t<div class=\"elementor-button-wrapper\">\n\t\t\t\t\t<a class=\"elementor-button elementor-button-link elementor-size-sm\" href=\"https:\/\/api.whatsapp.com\/send\/?phone=573052824319&#038;text=Hola+%2AAARCA%2A.+Necesito+m%C3%A1s+informaci%C3%B3n+sobre+AARCA+https%3A%2F%2Faarca.com.co%2F&#038;type=phone_number&#038;app_absent=0\">\n\t\t\t\t\t\t<span class=\"elementor-button-content-wrapper\">\n\t\t\t\t\t\t\t\t\t<span class=\"elementor-button-text\">Whatsapp ...<\/span>\n\t\t\t\t\t<\/span>\n\t\t\t\t\t<\/a>\n\t\t\t\t<\/div>\n\t\t\t\t\t\t\t\t<\/div>\n\t\t\t\t<\/div>\n\t\t\t\t<\/div>\n\t\t\t\t\t<\/div>\n\t\t\t\t<\/div>\n\t\t<div class=\"elementor-element elementor-element-2370935e e-flex e-con-boxed e-con e-parent\" data-id=\"2370935e\" data-element_type=\"container\" data-settings=\"{&quot;background_background&quot;:&quot;classic&quot;,&quot;_ha_eqh_enable&quot;:false}\">\n\t\t\t\t\t<div class=\"e-con-inner\">\n\t\t<div class=\"elementor-element elementor-element-3d6f047 e-con-full e-flex e-con e-child\" data-id=\"3d6f047\" data-element_type=\"container\" data-settings=\"{&quot;_ha_eqh_enable&quot;:false}\">\n\t\t<div class=\"elementor-element elementor-element-43bb9834 e-con-full e-flex e-con e-child\" data-id=\"43bb9834\" data-element_type=\"container\" data-settings=\"{&quot;background_background&quot;:&quot;classic&quot;,&quot;_ha_eqh_enable&quot;:false}\">\n\t\t\t\t<div class=\"elementor-element elementor-element-88123ef elementor-widget elementor-widget-spacer\" data-id=\"88123ef\" data-element_type=\"widget\" data-widget_type=\"spacer.default\">\n\t\t\t\t<div class=\"elementor-widget-container\">\n\t\t\t\t\t\t\t<div class=\"elementor-spacer\">\n\t\t\t<div class=\"elementor-spacer-inner\"><\/div>\n\t\t<\/div>\n\t\t\t\t\t\t<\/div>\n\t\t\t\t<\/div>\n\t\t\t\t<div class=\"elementor-element elementor-element-5cd62a9e jkit-equal-height-disable elementor-invisible elementor-widget elementor-widget-jkit_image_box\" data-id=\"5cd62a9e\" data-element_type=\"widget\" data-settings=\"{&quot;_animation&quot;:&quot;fadeInLeft&quot;}\" data-widget_type=\"jkit_image_box.default\">\n\t\t\t\t<div class=\"elementor-widget-container\">\n\t\t\t\t\t<div  class=\"jeg-elementor-kit jkit-image-box style-default elementor-animation- jeg_module___69da61c7c4d49\" ><a href=\"#\"><div class=\"image-box-header elementor-animation-\"><img fetchpriority=\"high\" decoding=\"async\" width=\"1600\" height=\"1200\" src=\"https:\/\/aarca.com.co\/wp-content\/uploads\/2025\/05\/WhatsApp-Image-2025-05-21-at-6.42.23-AM-1.jpeg\" class=\"attachment-full size-full\" alt=\"\" srcset=\"https:\/\/aarca.com.co\/wp-content\/uploads\/2025\/05\/WhatsApp-Image-2025-05-21-at-6.42.23-AM-1.jpeg 1600w, https:\/\/aarca.com.co\/wp-content\/uploads\/2025\/05\/WhatsApp-Image-2025-05-21-at-6.42.23-AM-1-300x225.jpeg 300w, https:\/\/aarca.com.co\/wp-content\/uploads\/2025\/05\/WhatsApp-Image-2025-05-21-at-6.42.23-AM-1-1024x768.jpeg 1024w, https:\/\/aarca.com.co\/wp-content\/uploads\/2025\/05\/WhatsApp-Image-2025-05-21-at-6.42.23-AM-1-768x576.jpeg 768w, https:\/\/aarca.com.co\/wp-content\/uploads\/2025\/05\/WhatsApp-Image-2025-05-21-at-6.42.23-AM-1-1536x1152.jpeg 1536w\" sizes=\"(max-width: 1600px) 100vw, 1600px\" \/><\/div><\/a><div class=\"image-box-body\">\n            <div class=\"body-inner\"><h2 class=\"body-title icon-position-before\">Sensibilizaciones y capacitaciones<\/h2>\n                <div class=\"body-description\"><h6>Usuarios mediante diferentes medios de<br \/>comunicaci\u00f3n para la adecuada separaci\u00f3n en<br \/>la fuente y diversos temas de car\u00e1cter<br \/>ambiental. Certificaciones de aprovechamiento<\/h6><\/div>\n                <div class=\"body-button\"><\/div>\n                \n            <\/div>\n        <\/div><\/div>\t\t\t\t<\/div>\n\t\t\t\t<\/div>\n\t\t\t\t<\/div>\n\t\t<div class=\"elementor-element elementor-element-702d0ce3 e-con-full e-flex e-con e-child\" data-id=\"702d0ce3\" data-element_type=\"container\" data-settings=\"{&quot;_ha_eqh_enable&quot;:false}\">\n\t\t\t\t<div class=\"elementor-element elementor-element-b94d7cb elementor-widget elementor-widget-spacer\" data-id=\"b94d7cb\" data-element_type=\"widget\" data-widget_type=\"spacer.default\">\n\t\t\t\t<div class=\"elementor-widget-container\">\n\t\t\t\t\t\t\t<div class=\"elementor-spacer\">\n\t\t\t<div class=\"elementor-spacer-inner\"><\/div>\n\t\t<\/div>\n\t\t\t\t\t\t<\/div>\n\t\t\t\t<\/div>\n\t\t\t\t<div class=\"elementor-element elementor-element-7417bb1b jkit-equal-height-disable elementor-invisible elementor-widget elementor-widget-jkit_image_box\" data-id=\"7417bb1b\" data-element_type=\"widget\" data-settings=\"{&quot;_animation&quot;:&quot;zoomIn&quot;}\" data-widget_type=\"jkit_image_box.default\">\n\t\t\t\t<div class=\"elementor-widget-container\">\n\t\t\t\t\t<div  class=\"jeg-elementor-kit jkit-image-box style-default elementor-animation- jeg_module__1_69da61c7c56a1\" ><a href=\"#\"><div class=\"image-box-header elementor-animation-\"><img decoding=\"async\" width=\"1203\" height=\"1520\" src=\"https:\/\/aarca.com.co\/wp-content\/uploads\/2025\/05\/8a177249-0213-44be-89a8-5442feb52798-e1748559828320.jpeg\" class=\"attachment-full size-full\" alt=\"\" srcset=\"https:\/\/aarca.com.co\/wp-content\/uploads\/2025\/05\/8a177249-0213-44be-89a8-5442feb52798-e1748559828320.jpeg 1203w, https:\/\/aarca.com.co\/wp-content\/uploads\/2025\/05\/8a177249-0213-44be-89a8-5442feb52798-e1748559828320-237x300.jpeg 237w, https:\/\/aarca.com.co\/wp-content\/uploads\/2025\/05\/8a177249-0213-44be-89a8-5442feb52798-e1748559828320-810x1024.jpeg 810w, https:\/\/aarca.com.co\/wp-content\/uploads\/2025\/05\/8a177249-0213-44be-89a8-5442feb52798-e1748559828320-768x970.jpeg 768w\" sizes=\"(max-width: 1203px) 100vw, 1203px\" \/><\/div><\/a><div class=\"image-box-body\">\n            <div class=\"body-inner\"><h2 class=\"body-title icon-position-before\">Ecolecci\u00f3n<\/h2>\n                <div class=\"body-description\"><h6>Transporte, clasificaci\u00f3n y<br \/>comercializaci\u00f3n de materiales aprovechables,<br \/>contribuyendo con implementaci\u00f3n de econom\u00eda<br \/>circular.<\/h6><\/div>\n                <div class=\"body-button\"><\/div>\n                \n            <\/div>\n        <\/div><\/div>\t\t\t\t<\/div>\n\t\t\t\t<\/div>\n\t\t\t\t<\/div>\n\t\t<div class=\"elementor-element elementor-element-3c0d5173 e-con-full e-flex e-con e-child\" data-id=\"3c0d5173\" data-element_type=\"container\" data-settings=\"{&quot;_ha_eqh_enable&quot;:false}\">\n\t\t\t\t<div class=\"elementor-element elementor-element-2a149cd elementor-widget elementor-widget-spacer\" data-id=\"2a149cd\" data-element_type=\"widget\" data-widget_type=\"spacer.default\">\n\t\t\t\t<div class=\"elementor-widget-container\">\n\t\t\t\t\t\t\t<div class=\"elementor-spacer\">\n\t\t\t<div class=\"elementor-spacer-inner\"><\/div>\n\t\t<\/div>\n\t\t\t\t\t\t<\/div>\n\t\t\t\t<\/div>\n\t\t\t\t<div class=\"elementor-element elementor-element-1c781c76 jkit-equal-height-disable elementor-invisible elementor-widget elementor-widget-jkit_image_box\" data-id=\"1c781c76\" data-element_type=\"widget\" data-settings=\"{&quot;_animation&quot;:&quot;fadeInRight&quot;}\" data-widget_type=\"jkit_image_box.default\">\n\t\t\t\t<div class=\"elementor-widget-container\">\n\t\t\t\t\t<div  class=\"jeg-elementor-kit jkit-image-box style-default elementor-animation- jeg_module__2_69da61c7c5d82\" ><a href=\"#\"><div class=\"image-box-header elementor-animation-\"><img decoding=\"async\" width=\"1600\" height=\"1156\" src=\"https:\/\/aarca.com.co\/wp-content\/uploads\/2025\/05\/WhatsApp-Image-2025-05-21-at-6.42.24-AM-2.jpeg\" class=\"attachment-full size-full\" alt=\"\" srcset=\"https:\/\/aarca.com.co\/wp-content\/uploads\/2025\/05\/WhatsApp-Image-2025-05-21-at-6.42.24-AM-2.jpeg 1600w, https:\/\/aarca.com.co\/wp-content\/uploads\/2025\/05\/WhatsApp-Image-2025-05-21-at-6.42.24-AM-2-300x217.jpeg 300w, https:\/\/aarca.com.co\/wp-content\/uploads\/2025\/05\/WhatsApp-Image-2025-05-21-at-6.42.24-AM-2-1024x740.jpeg 1024w, https:\/\/aarca.com.co\/wp-content\/uploads\/2025\/05\/WhatsApp-Image-2025-05-21-at-6.42.24-AM-2-768x555.jpeg 768w, https:\/\/aarca.com.co\/wp-content\/uploads\/2025\/05\/WhatsApp-Image-2025-05-21-at-6.42.24-AM-2-1536x1110.jpeg 1536w\" sizes=\"(max-width: 1600px) 100vw, 1600px\" \/><\/div><\/a><div class=\"image-box-body\">\n            <div class=\"body-inner\"><h2 class=\"body-title icon-position-before\">Emitimos certificaciones mensuales<\/h2>\n                <div class=\"body-description\"><h6>A los usuarios que as\u00ed lo requieran, respaldando la<br \/>correcta gesti\u00f3n y disposici\u00f3n de los residuos<br \/>reciclables entregados a nuestros recicladores<br \/>y recuperadores. Cada documento detalla el<br \/>tipo y la cantidad de material recolectado, as\u00ed<br \/>como su destino final, garantizando<br \/>transparencia en el proceso. Estas<br \/>certificaciones sirven como soporte para el<br \/>cumplimiento del PGIRS y est\u00e1n disponibles<br \/>para unidades residenciales, centros<br \/>comerciales, instituciones educativas (p\u00fablicas<br \/>y privadas), sectores comerciales e industriales,<br \/>as\u00ed como para eventos de gran afluencia<\/h6><\/div>\n                <div class=\"body-button\"><\/div>\n                \n            <\/div>\n        <\/div><\/div>\t\t\t\t<\/div>\n\t\t\t\t<\/div>\n\t\t\t\t<\/div>\n\t\t\t\t<\/div>\n\t\t<div class=\"elementor-element elementor-element-6ac5b0fc e-con-full e-flex e-con e-child\" data-id=\"6ac5b0fc\" data-element_type=\"container\" data-settings=\"{&quot;_ha_eqh_enable&quot;:false}\">\n\t\t\t\t<\/div>\n\t\t\t\t\t<\/div>\n\t\t\t\t<\/div>\n\t\t\t\t<\/div>\n\t\t","protected":false},"excerpt":{"rendered":"<p>Servicios Nuestros Servicios En AARCA no solo gestionamos residuos: creamos oportunidades. Nuestros servicios est\u00e1n dise\u00f1ados para impulsar la sostenibilidad ambiental [&hellip;]<\/p>\n","protected":false},"author":1,"featured_media":0,"parent":0,"menu_order":0,"comment_status":"closed","ping_status":"closed","template":"elementor_header_footer","meta":{"site-sidebar-layout":"no-sidebar","site-content-layout":"","ast-site-content-layout":"full-width-container","site-content-style":"default","site-sidebar-style":"default","ast-global-header-display":"","ast-banner-title-visibility":"","ast-main-header-display":"","ast-hfb-above-header-display":"","ast-hfb-below-header-display":"","ast-hfb-mobile-header-display":"","site-post-title":"disabled","ast-breadcrumbs-content":"","ast-featured-img":"disabled","footer-sml-layout":"","theme-transparent-header-meta":"","adv-header-id-meta":"","stick-header-meta":"","header-above-stick-meta":"","header-main-stick-meta":"","header-below-stick-meta":"","astra-migrate-meta-layouts":"default","ast-page-background-enabled":"default","ast-page-background-meta":{"desktop":{"background-color":"var(--ast-global-color-5)","background-image":"","background-repeat":"repeat","background-position":"center center","background-size":"auto","background-attachment":"scroll","background-type":"","background-media":"","overlay-type":"","overlay-color":"","overlay-opacity":"","overlay-gradient":""},"tablet":{"background-color":"","background-image":"","background-repeat":"repeat","background-position":"center center","background-size":"auto","background-attachment":"scroll","background-type":"","background-media":"","overlay-type":"","overlay-color":"","overlay-opacity":"","overlay-gradient":""},"mobile":{"background-color":"","background-image":"","background-repeat":"repeat","background-position":"center center","background-size":"auto","background-attachment":"scroll","background-type":"","background-media":"","overlay-type":"","overlay-color":"","overlay-opacity":"","overlay-gradient":""}},"ast-content-background-meta":{"desktop":{"background-color":"var(--ast-global-color-4)","background-image":"","background-repeat":"repeat","background-position":"center center","background-size":"auto","background-attachment":"scroll","background-type":"","background-media":"","overlay-type":"","overlay-color":"","overlay-opacity":"","overlay-gradient":""},"tablet":{"background-color":"var(--ast-global-color-4)","background-image":"","background-repeat":"repeat","background-position":"center center","background-size":"auto","background-attachment":"scroll","background-type":"","background-media":"","overlay-type":"","overlay-color":"","overlay-opacity":"","overlay-gradient":""},"mobile":{"background-color":"var(--ast-global-color-4)","background-image":"","background-repeat":"repeat","background-position":"center center","background-size":"auto","background-attachment":"scroll","background-type":"","background-media":"","overlay-type":"","overlay-color":"","overlay-opacity":"","overlay-gradient":""}},"_joinchat":[],"footnotes":""},"class_list":["post-12","page","type-page","status-publish","hentry"],"_links":{"self":[{"href":"https:\/\/aarca.com.co\/index.php\/wp-json\/wp\/v2\/pages\/12","targetHints":{"allow":["GET"]}}],"collection":[{"href":"https:\/\/aarca.com.co\/index.php\/wp-json\/wp\/v2\/pages"}],"about":[{"href":"https:\/\/aarca.com.co\/index.php\/wp-json\/wp\/v2\/types\/page"}],"author":[{"embeddable":true,"href":"https:\/\/aarca.com.co\/index.php\/wp-json\/wp\/v2\/users\/1"}],"replies":[{"embeddable":true,"href":"https:\/\/aarca.com.co\/index.php\/wp-json\/wp\/v2\/comments?post=12"}],"version-history":[{"count":34,"href":"https:\/\/aarca.com.co\/index.php\/wp-json\/wp\/v2\/pages\/12\/revisions"}],"predecessor-version":[{"id":893,"href":"https:\/\/aarca.com.co\/index.php\/wp-json\/wp\/v2\/pages\/12\/revisions\/893"}],"wp:attachment":[{"href":"https:\/\/aarca.com.co\/index.php\/wp-json\/wp\/v2\/media?parent=12"}],"curies":[{"name":"wp","href":"https:\/\/api.w.org\/{rel}","templated":true}]}}